{"id":3480,"date":"2021-05-01T11:42:51","date_gmt":"2021-05-01T09:42:51","guid":{"rendered":"http:\/\/naturamagica.it\/store\/?page_id=3480"},"modified":"2021-05-13T16:01:08","modified_gmt":"2021-05-13T14:01:08","slug":"il-team","status":"publish","type":"page","link":"https:\/\/www.naturamagica.it\/store\/il-team\/","title":{"rendered":"Il Team"},"content":{"rendered":"<p>[vc_row full_width=&#8221;stretch_row&#8221; css=&#8221;.vc_custom_1619866326126{margin-bottom: 75px !important;padding-top: 350px !important;padding-bottom: 250px !important;background-image: url(http:\/\/naturamagica.it\/store\/wp-content\/uploads\/2021\/05\/team.jpg?id=3469) !important;background-position: center !important;background-repeat: no-repeat !important;background-size: cover !important;}&#8221;][vc_column][vc_column_text]<\/p>\n<h3 style=\"text-align: center;\"><strong>Insieme stiamo crescendo e oggi pi\u00f9 che mai<br \/>\n&#8220;andar narrando per borghi e boschi&#8221;<br \/>\nnon \u00e8 mai stato cos\u00ec bello&#8230;<\/strong><\/h3>\n<p>[\/vc_column_text][\/vc_column][\/vc_row][vc_row css=&#8221;.vc_custom_1485770484998{margin-bottom: 100px !important;}&#8221;][vc_column width=&#8221;1\/3&#8243;][vc_single_image image=&#8221;3488&#8243; img_size=&#8221;full&#8221; alignment=&#8221;center&#8221; css_animation=&#8221;bounceInLeft&#8221;][vc_column_text]<\/p>\n<h4 style=\"text-align: center;\"><span style=\"color: #008000;\">ROBERTO FORLIVESI<\/span><br \/>\nGuida certificata AIGAE<\/h4>\n<p>[\/vc_column_text][vc_column_text]<\/p>\n<h6 style=\"text-align: center;\"><a href=\"http:\/\/naturamagica.it\/store\/wp-content\/uploads\/2021\/05\/RobertoForlivesi.pdf\">DOWNLOAD CURRICULUUM<\/a><\/h6>\n<p>[\/vc_column_text][\/vc_column][vc_column width=&#8221;1\/3&#8243;][vc_single_image image=&#8221;3492&#8243; img_size=&#8221;full&#8221; alignment=&#8221;center&#8221; css_animation=&#8221;bounceInDown&#8221;][vc_column_text]<\/p>\n<h4 style=\"text-align: center;\"><span style=\"color: #008000;\">SERGIO DIOTTI<\/span><br \/>\n<b>Il Fulesta di Romagna<\/b><\/h4>\n<p>[\/vc_column_text][vc_column_text]<\/p>\n<h6 style=\"text-align: center;\"><a href=\"http:\/\/naturamagica.it\/store\/wp-content\/uploads\/2021\/05\/SergioDiotti.pdf\">DOWNLOAD CURRICULUMM<\/a><\/h6>\n<p>[\/vc_column_text][\/vc_column][vc_column width=&#8221;1\/3&#8243;][vc_single_image image=&#8221;3496&#8243; img_size=&#8221;full&#8221; alignment=&#8221;center&#8221; css_animation=&#8221;bounceInRight&#8221;][vc_column_text]<\/p>\n<h4 style=\"text-align: center;\"><span style=\"color: #008000;\">PATRIZIA PEDRON<\/span><br \/>\nGuida certificata AIGAE<\/h4>\n<p>[\/vc_column_text][vc_column_text]<\/p>\n<h6 style=\"text-align: center;\"><a href=\"http:\/\/naturamagica.it\/store\/wp-content\/uploads\/2021\/05\/PatriziaPedron.pdf\">DOWNLOAD CURRICULUUM<\/a><\/h6>\n<p>[\/vc_column_text][\/vc_column][\/vc_row][vc_row css=&#8221;.vc_custom_1485770484998{margin-bottom: 100px !important;}&#8221;][vc_column width=&#8221;1\/3&#8243;][vc_single_image image=&#8221;3621&#8243; img_size=&#8221;full&#8221; alignment=&#8221;center&#8221; css_animation=&#8221;bounceInLeft&#8221;][vc_column_text]<\/p>\n<h4 style=\"text-align: center;\"><span style=\"color: #008000;\">FABIO CANINI<\/span><br \/>\nPsicologo, Psicodrammatista<\/h4>\n<p>[\/vc_column_text][vc_column_text]<\/p>\n<h6 style=\"text-align: center;\"><a href=\"http:\/\/naturamagica.it\/store\/wp-content\/uploads\/2021\/05\/FabioCanini.pdf\">DOWNLOAD CURRICULUUM<\/a><\/h6>\n<p>[\/vc_column_text][\/vc_column][vc_column width=&#8221;1\/3&#8243;][vc_single_image image=&#8221;3507&#8243; img_size=&#8221;full&#8221; alignment=&#8221;center&#8221; css_animation=&#8221;bounceInDown&#8221;][vc_column_text]<\/p>\n<h4 style=\"text-align: center;\"><span style=\"color: #008000;\">FERDINANDO BERTACCO<\/span><br \/>\n<b>Ingegnere Ambientale<br \/>\n<\/b><\/h4>\n<p>[\/vc_column_text][vc_column_text]<\/p>\n<h6 style=\"text-align: center;\"><a href=\"http:\/\/naturamagica.it\/store\/wp-content\/uploads\/2021\/05\/FerdinandoBertacco.pdf\">DOWNLOAD CURRICULUMM<\/a><\/h6>\n<p>[\/vc_column_text][\/vc_column][vc_column width=&#8221;1\/3&#8243;][vc_single_image image=&#8221;3623&#8243; img_size=&#8221;full&#8221; alignment=&#8221;center&#8221; css_animation=&#8221;bounceInRight&#8221;][vc_column_text]<\/p>\n<h4 style=\"text-align: center;\"><span style=\"color: #008000;\">SARA MASCIA<\/span><br \/>\nMedicina d&#8217;Emergenza<\/h4>\n<p>[\/vc_column_text][vc_column_text]<\/p>\n<h6 style=\"text-align: center;\"><a href=\"http:\/\/naturamagica.it\/store\/wp-content\/uploads\/2021\/05\/SaraMascia.pdf\">DOWNLOAD CURICULUUM<\/a><\/h6>\n<p>[\/vc_column_text][\/vc_column][\/vc_row][vc_row css=&#8221;.vc_custom_1485770484998{margin-bottom: 100px !important;}&#8221;][vc_column width=&#8221;1\/3&#8243;][vc_single_image image=&#8221;3619&#8243; img_size=&#8221;full&#8221; alignment=&#8221;center&#8221; css_animation=&#8221;bounceInLeft&#8221;][vc_column_text]<\/p>\n<h4 style=\"text-align: center;\"><span style=\"color: #008000;\">LAURA MENGOZZI<\/span><br \/>\nGuida certificata AIGAE<\/h4>\n<p>[\/vc_column_text][vc_column_text]<\/p>\n<h6 style=\"text-align: center;\"><a href=\"http:\/\/naturamagica.it\/store\/wp-content\/uploads\/2021\/05\/LauraMengozzi.pdf\">DOWNLOAD CURRICULUUM<\/a><\/h6>\n<p>[\/vc_column_text][\/vc_column][vc_column width=&#8221;1\/3&#8243;][vc_single_image image=&#8221;3501&#8243; img_size=&#8221;full&#8221; alignment=&#8221;center&#8221; css_animation=&#8221;bounceInRight&#8221;][vc_column_text]<\/p>\n<h4 style=\"text-align: center;\"><span style=\"color: #008000;\">CHRISTIANE TSCHOPP<\/span><br \/>\nTecniche Teatrali<\/h4>\n<p>[\/vc_column_text][vc_column_text]<\/p>\n<h6 style=\"text-align: center;\"><a href=\"http:\/\/naturamagica.it\/store\/wp-content\/uploads\/2021\/05\/ChristianeTschopp.pdf\">DOWNLOAD CURICULUUM<\/a><\/h6>\n<p>[\/vc_column_text][\/vc_column][\/vc_row]<\/p>\n","protected":false},"excerpt":{"rendered":"<p>[vc_row full_width=&#8221;stretch_row&#8221; css=&#8221;.vc_custom_1619866326126{margin-bottom: 75px !important;padding-top: 350px !important;padding-bottom: 250px !important;background-image: url(http:\/\/naturamagica.it\/store\/wp-content\/uploads\/2021\/05\/team.jpg?id=3469) !important;background-position: center !important;background-repeat: no-repeat !important;background-size: cover !important;}&#8221;][vc_column][vc_column_text] Insieme stiamo crescendo e oggi pi\u00f9 che mai &#8220;andar narrando per borghi e boschi&#8221; non \u00e8 mai stato cos\u00ec bello&#8230; [\/vc_column_text][\/vc_column][\/vc_row][vc_row css=&#8221;.vc_custom_1485770484998{margin-bottom: 100px !important;}&#8221;][vc_column width=&#8221;1\/3&#8243;][vc_single_image image=&#8221;3488&#8243; img_size=&#8221;full&#8221; alignment=&#8221;center&#8221; css_animation=&#8221;bounceInLeft&#8221;][vc_column_text] ROBERTO FORLIVESI Guida certificata AIGAE [\/vc_column_text][vc_column_text] DOWNLOAD CURRICULUUM [\/vc_column_text][\/vc_column][vc_column [&hellip;]<\/p>\n","protected":false},"author":1,"featured_media":0,"parent":0,"menu_order":0,"comment_status":"closed","ping_status":"closed","template":"page-boxed.php","meta":{"ngg_post_thumbnail":0,"_joinchat":[],"footnotes":""},"class_list":["post-3480","page","type-page","status-publish","hentry"],"_links":{"self":[{"href":"https:\/\/www.naturamagica.it\/store\/wp-json\/wp\/v2\/pages\/3480","targetHints":{"allow":["GET"]}}],"collection":[{"href":"https:\/\/www.naturamagica.it\/store\/wp-json\/wp\/v2\/pages"}],"about":[{"href":"https:\/\/www.naturamagica.it\/store\/wp-json\/wp\/v2\/types\/page"}],"author":[{"embeddable":true,"href":"https:\/\/www.naturamagica.it\/store\/wp-json\/wp\/v2\/users\/1"}],"replies":[{"embeddable":true,"href":"https:\/\/www.naturamagica.it\/store\/wp-json\/wp\/v2\/comments?post=3480"}],"version-history":[{"count":43,"href":"https:\/\/www.naturamagica.it\/store\/wp-json\/wp\/v2\/pages\/3480\/revisions"}],"predecessor-version":[{"id":3644,"href":"https:\/\/www.naturamagica.it\/store\/wp-json\/wp\/v2\/pages\/3480\/revisions\/3644"}],"wp:attachment":[{"href":"https:\/\/www.naturamagica.it\/store\/wp-json\/wp\/v2\/media?parent=3480"}],"curies":[{"name":"wp","href":"https:\/\/api.w.org\/{rel}","templated":true}]}}