{"id":3,"date":"2021-02-28T22:12:56","date_gmt":"2021-02-28T21:12:56","guid":{"rendered":"http:\/\/naturamagica.it\/store\/?page_id=3"},"modified":"2021-05-01T15:20:56","modified_gmt":"2021-05-01T13:20:56","slug":"privacy-policy","status":"publish","type":"page","link":"https:\/\/www.naturamagica.it\/store\/privacy-policy\/","title":{"rendered":"Privacy policy"},"content":{"rendered":"<h2 class=\"wp-block-heading\">GDPR 2021<\/h2><p>A partire dal 10\/07\/2018 abbiamo aggiornato la nostra privacy policy in totale rispetto dei nuovi standard del regolamento generale sulla protezione dei dati (GDPR) introdotto dall\u2019Unione europea.<\/p><p>La presente Privacy Policy (\u201cPolicy\u201d) \u00e8 volta ad illustrare le modalit\u00e0 e le finalit\u00e0 dei trattamenti di dati personali effettuati da parte di Natura Magica APS, con sede in Gambettola (FC), in qualit\u00e0 di titolare del trattamento del sito www.naturamagica.it (il \u201cSito\u201d) ed i servizi ad esso collegati .<\/p><p><strong>1. Premessa<\/strong><\/p><p>Natura Magica APS rispetta la privacy di ogni utente che visita il Sito e utilizza i Servizi (\u201cUtente\u201d).<\/p><p>La Policy non si applica ai siti terzi accessibili tramite collegamenti ipertestuali esterni presenti sul Sito di Natura Magica APS.<\/p><p>Il trattamento dei dati personali degli Utenti avverr\u00e0 in conformit\u00e0 con la normativa applicabile, con particolare riferimento al D.lgs. 30 giugno 2003, n. 196, recante il Codice in materia di Protezione dei Dati Personali, come modificato dal Regolamento (UE) no. 679 del 27 aprile 2016 \u2013 applicabile dal 25 maggio 2018 (di seguito, congiuntamente, la \u201cNormativa Privacy Applicabile\u201d).<\/p><p><strong>2. Categorie di dati personali trattate da Natura Magica APS<\/strong><\/p><p>Natura Magica APS potr\u00e0 trattare le seguenti categorie di dati personali degli Utenti:<br>dati identificativi e di contatto (es. nome, cognome, email, numero di telefono, ecc.);<br>dati relativi al contenuto delle comunicazioni elettroniche scambiate con Natura Magica APS per le finalit\u00e0 di cui al paragrafo 3;<br>dati relativi alle attivit\u00e0 degli Utenti sulle pagine social di Natura Magica APS (es. blog, Facebook, ecc.)<br>dati relativi all\u2019indirizzo IP o all\u2019ID del dispositivo di un Utente tramite il quale viene effettuato l\u2019accesso al Sito o vengono utilizzati i Servizi;<br>dati relativi al tipo di browser utilizzato dagli Utenti, nonch\u00e9 la data e l\u2019ora di utilizzo per accedere al Sito o ai Servizi;<br>dati relativi alla partecipazione degli utenti ai concorsi ed alle attivit\u00e0.<\/p><p><strong>3. Finalit\u00e0 e basi giuridiche del trattamento dei dati personali<\/strong><\/p><p>Natura Magica APS tratta i dati degli Utenti principalmente per consentire loro l\u2019accesso, la registrazione e la navigazione sul proprio Sito, nonch\u00e9 l\u2019utilizzo dei Servizi.<\/p><p>Qualsiasi ulteriore trattamento avviene solo sulla base di obblighi previsti dalla legge, ovvero previo esplicito consenso fornito dall\u2019Utente al Titolare.<\/p><p>In particolare, Natura Magica APS raccoglie e tratta i dati personali degli Utenti per le seguenti finalit\u00e0:<\/p><p>a) rispondere alle richieste degli Utenti inviate tramite il Sito;<\/p><p>b) consentire agli utenti la partecipazione ai concorsi e attivit\u00e0 offerti sul Sito;<\/p><p>c) migliorare la presentazione, le caratteristiche e le funzionalit\u00e0 del Sito e dei Servizi, nonch\u00e9 le attivit\u00e0 di amministrazione e gestione delle richieste e degli ordini degli Utenti;<\/p><p>d)&nbsp; fornire assistenza sull\u2019utilizzo dei prodotti, su richiesta degli Utenti;<\/p><p>e) adempiere ad obblighi di natura legale o fiscale ai sensi della normativa applicabile;<\/p><p>f) previo consenso, contattare gli Utenti tramite strumenti automatizzati (email, sms, mms, social, chiamate senza operatore) e non automatizzati (posta cartacea e telefono con operatore) per proporre loro offerte commerciali e promozioni, nonch\u00e9 coinvolgerlo in ricerche e indagini di mercato, anche tramite l\u2019invio di newsletter periodiche;<\/p><p>g) previo consenso, analizzare le scelte e le preferenze commerciali degli Utenti nell\u2019utilizzo del Sito o dei Servizi, al fine di personalizzare l\u2019offerta di prodotti e promozioni loro dedicata.<\/p><p>Per le finalit\u00e0 di cui alle lettere da (a) a (i), Natura Magica APS tratter\u00e0 i dati personali degli Utenti sulla base delle richieste da questi ultimi presentate e del proprio legittimo interesse.<\/p><p>Per le finalit\u00e0 di cui alle lettere (j) e (k), Natura Magica APS tratter\u00e0 i dati personali degli Utenti sulla base del loro consenso.<\/p><p><strong>4. Tempi di conservazione dei dati<\/strong><\/p><p>I dati personali trattati da Natura Magica APS sulla base del consenso dell\u2019Utente saranno conservati per il tempo strettamente necessario al raggiungimento delle finalit\u00e0 per cui sono stati originariamente raccolti e, in ogni caso, non verranno pi\u00f9 trattati a seguito di eventuale revoca del consenso prestato.<\/p><p>Laddove il trattamento dei dati personali dovesse invece avvenire in adempimento ad obblighi legali, fiscali o giudiziari, i dati potranno essere conservati fino ad un massimo di dieci (10) anni.<\/p><p>Per ulteriori informazioni circa i criteri e i tempi per i quali conserviamo i suoi dati, \u00e8 possibile contattare il Responsabile della Protezione dei Natura Magica APS a <a href=\"mailto:info@naturamagica.it\">info@naturamagica.it<\/a><\/p><p><strong>5. Modalit\u00e0 del trattamento<\/strong><\/p><p>Tutti i dati personali saranno trattati prevalentemente attraverso strumenti e modalit\u00e0 elettroniche, tuttavia il trattamento mediante mezzi cartacei non \u00e8 escluso a priori da parte di Natura Magica APS<\/p><p>Il Titolare adotter\u00e0 tutte le necessarie misure di sicurezza al fine di ridurre al minimo i rischi di distruzione o di perdita, anche accidentale, dei dati stessi, di accesso non autorizzato o di trattamento non consentito o non conforme alle finalit\u00e0 indicate nel presente documento.<\/p><p>Tuttavia, non essendo possibile garantire che le misure adottate per la sicurezza del Sito e della trasmissione dei dati siano tali da escludere qualsiasi rischio di accesso non consentito o di dispersione dei dati, invitiamo l\u2019utente ad assicurarsi che il proprio computer sia dotato di software antivirus aggiornati per la protezione in rete di dati \u2013 sia in entrata che in uscita \u2013 e che il proprio fornitore di servizi Internet abbia adottato firewall e filtri antispamming, ovvero ulteriori misure idonee per la sicurezza della trasmissione dei dati.<\/p><p><strong>6. Comunicazione e diffusione dei dati personali<\/strong><\/p><p>Natura Magica APS non comunicher\u00e0 i dati personali degli Utenti a terze parti se non previo loro consenso.<\/p><p>Laddove tale comunicazione fosse necessaria per esigenze di supporto ai Servizi tramite il Sito (ivi inclusi concorsi e operazioni a premio), sar\u00e0 cura di Extra D&amp;G nominare i predetti terzi responsabili o sub-responsabili del trattamento ai sensi della Normativa Privacy Applicabile.<\/p><p><strong>7. Trasferimento all\u2019estero dei dati personali<\/strong><\/p><p>I dati personali degli Utenti non saranno trasferiti verso Paesi non appartenenti all\u2019Unione Europea e che non assicurano livelli di protezione dei dati in linea con la Normativa Privacy Applicabile.<\/p><p><strong>8. Trattamento di dati personali di minori<\/strong><\/p><p>L\u2019utilizzo del Sito e dei Servizi \u00e8 riservato soltanto ad Utenti maggiorenni.<br>Natura Magica APS non tratta dati personali di minori al di sotto di diciotto (18) anni senza il consenso dei genitori.<\/p><p><strong>9. Diritti degli Utenti<\/strong><\/p><p>Il Titolare del trattamento \u00e8 liberamente contattabile per qualsiasi richiesta inerente la presente Policy scrivendo a\u00a0 Natura Magica APS inviando una mail all\u2019indirizzo <a href=\"mailto:info@naturamagica.it\">info@naturamagica.it<\/a><\/p><p>Il Responsabile della Protezione dei Dati di Natura Magica APS \u00e8 invece contattabile all\u2019indirizzo <a href=\"mailto:info@naturamagica.it\">info@naturamagica.it<\/a><\/p><p>Ai sensi della Normativa Privacy Applicabile, gli Utenti avranno diritto di:<\/p><p>a) essere informati delle finalit\u00e0 e modalit\u00e0 del trattamento dei loro dati personali;<\/p><p>b) accesso ai propri dati personali;<\/p><p>c) ottenere una copia dei propri dati personali, laddove questi siano conservati in Paesi al di fuori dell\u2019Unione Europea, nonch\u00e9 di ottenere indicazione del luogo nel quale tali dati personali vengono conservati o trasferiti;<\/p><p>d) richiedere la rettifica, l\u2019aggiornamento o l\u2019integrazione dei propri dati personali;<\/p><p>e) richiedere la cancellazione, l\u2019anonimizzazione o il blocco del trattamento dei propri dati personali;<\/p><p>f) opporsi, in tutto o in parte, a qualsiasi trattamento svolto attraverso processi decisionali automatizzati, inclusa la profilazione;<\/p><p>g) revocare il proprio consenso al trattamento, ove prestato, liberamente e in qualunque momento;<\/p><p>h) contattare il Responsabile della Protezione dei Dati del Titolare;<\/p><p>i) sporgere un reclamo al Garante per la protezione dei dati personali.<\/p><p>Ai sensi della Normativa Privacy Applicabile, a partire dal maggio 2018 gli Utenti avranno altres\u00ec facolt\u00e0 di esercitare i seguenti diritti:<\/p><p>a) il diritto alla portabilit\u00e0 dei Dati ossia il diritto a ricevere i propri dati personali in un formato strutturato, di uso comune e leggibile da dispositivo automatico, e la possibilit\u00e0 di poterli trasmettere ad un altro titolare del trattamento liberamente e senza impedimenti;<\/p><p>b) il diritto di richiedere la limitazione del trattamento dei propri dati personali.<\/p><p>Informativa sulla tutela della privacy<br>Informativa ai sensi del D. Lgs. 30 giugno 2003, n. 196 sulla tutela dei dati personali.<\/p><p>* Al fine di fornire una risposta rapida alla sua richiesta, \u00e8 opportuno che i dati contrassegnati con un asterisco siano forniti.<\/p><p>Gli altri dati non sono obbligatori ma ci sono utili per fornire una risposta completa.<\/p><p>I dati di tutti i visitatori vengono salvati utilizzando&nbsp;<strong>un ID utente anonimo per creare un profilo d\u2019utilizzo<\/strong>.<\/p><p><strong>COOKIE POLICY<\/strong><\/p><p>\u00c8 possibile che vengano utilizzati dei cookie per raccogliere e salvare questi dati; tuttavia tali dati rimangono anonimi.<\/p><p><strong>\u00c8 possibile mezzo mail revocare l\u2019autorizzazione alla raccolta e memorizzazione<\/strong>&nbsp;dei dati in qualsiasi momento, con effetto immediato.<\/p><p><strong>Il sito utilizza i Cookie tecnici,&nbsp;First-party Cookie<\/strong>&nbsp;con il contatore visite aggregativo installato su nostro server<strong>&nbsp;COUNT PER DAY<\/strong>&nbsp;e<strong>&nbsp;di terze parti<\/strong>&nbsp;per offrire una migliore esperienza di navigazione.<\/p><p>Informativa sui Cookies<\/p><p>Informativa rilasciata in base a direttive del Garante della Privacy :<br>Individuazione delle modalit\u00e0 semplificate per l\u2019informativa e l\u2019acquisizione del consenso per l\u2019uso dei cookie \u2013 8 maggio 2014 (Pubblicato sulla Gazzetta Ufficiale n. 126 del 3 giugno 2014) \u2013 Registro dei provvedimenti n. 229 dell\u20198 maggio 2014.<\/p><p>Il sito utilizza i Cookie tecnici, di sessione e di terze parti per offrire una migliore esperienza di navigazione.<\/p><p><strong>Che cosa sono i cookies?<\/strong><br>I cookie sono identificatori univoci, generalmente composti di piccole stringhe di testo o codice.<\/p><p>Di regola, i cookie sono memorizzati sul vostro dispositivo o nel vostro browser e inviano determinate informazioni alla parte che ha trasmesso il cookie.<\/p><p>Su questo sito si usano cookies proprietari di tipo tecnico (operativamente necessari) e cookies di terze parti.<\/p><p><strong>Cookies di Sessione<\/strong><\/p><p>Il Sito utilizza i cookies al fine di fornire ai propri clienti un\u2019esperienza di acquisto modellata il pi\u00f9 possibile intorno ai suoi gusti e preferenze.<br>Tramite i cookies facciamo in modo che ad ogni visita sul sito non si debbano ricevere o inserire le stesse informazioni.<br>I cookies vengono utilizzati anche al fine di ottimizzare le prestazioni del sito web: essi infatti rendono pi\u00f9 facile sia il procedimento finale di acquisto che la ricerca veloce di elementi e prodotti specifici all\u2019interno del sito.<br>Al fine di proteggere i propri dati personali da possibili perdite e da qualsiasi forma di trattamento illecito Azienda Agricola Procucci Dario ha preso opportune misure tecniche ed organizzative.<\/p><p>L\u2019accettazione dei cookies non \u00e8 una condizione necessaria al fine di visitare i nostri siti web.<br>Ti avvisiamo, per\u00f2, che l\u2019utilizzo della funzione \u201ccarrello\u201d e l\u2019ordine di prodotti sono possibili soltanto se autorizzi&nbsp;&nbsp; l\u2019utilizzo dei cookie.<\/p><p>I cookies sono dei piccoli file che vengono salvati sul tuo dispositivo e che memorizzano impostazioni e dati specifici per lo scambio con il nostro sistema attraverso il tuo browser.<br>Noi utilizziamo i cosiddetti session-cookies, che vengono cancellati non appena chiudi il tuo browser, ma alcuni dati, per esempio, vengono salvati al fine di non doverli ripetere ogni volta sul nostro server<\/p><p>La maggior parte dei cookies che utilizziamo al momento della chiusura del browser (fine sessione) sono cancellati automaticamente dal tuo disco rigido (pertanto si chiamano session-cookies). I session-cookies ti offrono, per esempio, la funzione \u201ccarrello\u201d anche se navighi attraverso diverse pagine.<\/p><p>Nei cookies che utilizza Azienda Agricola Procucci Dario non vengono salvati dati personali.<br>Pertanto i cookies che utilizziamo non sono attribuibili ad una determinata persona e quindi non riconducibili a te.<br>Al momento dell\u2019attivazione dei cookies \u00e8 attribuito un numero di identificazione.<br>In nessun momento sar\u00e0 possibile ricondurre i tuoi dati personali al numero d\u2019identificazione ed in nessun momento si tenter\u00e0 di farlo.<\/p><p><strong>Cookies terze parti utilizzati da questo sito:<\/strong><\/p><p><strong>GOOGLE<\/strong>&nbsp;|<strong>&nbsp;GOOGLE MAP<\/strong><br>Questo Sito \u00e8 indicizzato da Google. Google utilizza dei \u201ccookies\u201d.<br>Le informazioni generate dal cookie sull\u2019utilizzo del sito web da parte Vostra (compreso il Vostro indirizzo IP) verranno trasmesse a, e depositate presso i server di Google negli Stati Uniti.<br>Google utilizzer\u00e0 queste informazioni allo scopo di tracciare e esaminare il Vostro utilizzo del sito web, compilare report sulle attivit\u00e0 del sito web per gli operatori del sito web e fornire altri servizi relativi alle attivit\u00e0 del sito web e all\u2019utilizzo di Internet.<br>Google pu\u00f2 anche trasferire queste informazioni a terzi ove ci\u00f2 sia imposto dalla legge o laddove tali terzi trattino le suddette informazioni per conto di Google.<br>Google non assocer\u00e0 il vostro indirizzo IP a nessun altro dato posseduto da Google.<br>Utilizzando il presente sito web, voi acconsentite al trattamento dei Vostri dati da parte di Google per le modalit\u00e0 e i fini sopraindicati.<br>Indirizzi utili ai fini di meglio comprendere la privacy policy di Google:&nbsp;<a href=\"http:\/\/www.google.com\/privacypolicy.html\" target=\"_blank\" rel=\"noreferrer noopener\">http:\/\/www.google.com\/privacypolicy.html<\/a><\/p><h3 class=\"wp-block-heading\"><strong>Come disabilitare i cookie mediante configurazione del browser<\/strong><\/h3><p>Nella maggior parte dei browser i cookie vengono accettati per impostazione predefinita, ma si possono impostare o modificare i controlli del proprio browser per accettare tutti i cookie, bloccarli o selezionare quali accettare in base alla loro provenienza. \u00c8 inoltre possibile impostare il browser in modo da accettare o bloccare singolarmente i cookie prima che vengano installati. Dal browser \u00e8 anche possibile eliminare regolarmente i cookie memorizzati sul dispositivo. \u00c8 importante ricordarsi di configurare tutti i browser installati sui vari dispositivi (tablet, smartphone, computer, ecc.). Per quanto riguarda la gestione dei cookie e delle preferenze dell\u2019utente, la configurazione varia da un browser all\u2019altro. Queste impostazioni sono descritte nel menu \u201cguida\u201d del browser in uso, da dove \u00e8 possibile modificare anche le preferenze relative ai cookie.<\/p><p>Ad esempio:<\/p><p>Per Internet Explorer: http:\/\/windows.microsoft.com\/en-US\/windows-vista\/Block-or-allow-cookies<br>Per Safari: http:\/\/www.apple.com\/legal\/privacy\/en-ww\/cookies<br>Per Chrome: http:\/\/support.google.com\/chrome\/bin\/answer.py?hl=en&amp;hlrm=en&amp;answer=95647<br>Per Firefox: https:\/\/support.mozilla.org\/en-US\/kb\/enable-and-disable-cookies-website-preferences<br>Per Opera: http:\/\/help.opera.com\/Windows\/10.20\/en\/cookies.html<\/p><p>Cosa succede se si disattivano i cookie?<\/p><p>Impostando il blocco dei cookie sul browser, non sar\u00e0 possibile accedere ad alcune funzionalit\u00e0, pagine e sezioni del sito Web. Potrebbe essere impossibile ripristinare le preferenze o le impostazioni personalizzate specificate in precedenza e la nostra capacit\u00e0 di personalizzare l?\u2019esperienza dell\u2019?utente sar\u00e0 limitata.<\/p><p><strong>Chrome<\/strong><br>Eseguire il Browser Chrome<br>Fare click sul men\u00f9 chrome impostazioni presente nella barra degli strumenti del browser a fianco della finestra di inserimento url per la navigazione<br>Selezionare Impostazioni<br>Fare clic su Mostra Impostazioni Avanzate<br>Nella sezione \u201cPrivacy\u201d fare clic su bottone \u201cImpostazioni contenuti\u201c<br>Nella sezione \u201cCookie\u201d \u00e8 possibile modificare le seguenti impostazioni relative ai cookie:<br>Consentire il salvataggio dei dati in locale<br>Modificare i dati locali solo fino alla chiusura del browser<br>Impedire ai siti di impostare i cookie<br>Bloccare i cookie di terze parti e i dati dei siti<br>Gestire le eccezioni per alcuni siti internet<br>Eliminazione di uno o tutti i cookie<br>Per maggiori informazioni visita la pagina dedicata.<\/p><p><strong>Mozilla Firefox<\/strong><br>Eseguire il Browser Mozilla Firefox<br>Fare click sul men\u00f9 firefox impostazioni presente nella barra degli strumenti del browser a fianco della finestra di inserimento url per la navigazione<br>Selezionare Opzioni<br>Seleziona il pannello Privacy<br>Fare clic su Mostra Impostazioni Avanzate<br>Nella sezione \u201cPrivacy\u201d fare clic su bottone \u201cImpostazioni contenuti\u201c<br>Nella sezione \u201cTracciamento\u201d \u00e8 possibile modificare le seguenti impostazioni relative ai cookie:<br>Richiedi ai siti di non effettuare alcun tracciamento<br>Comunica ai siti la disponibilit\u00e0 ad essere tracciato<br>Non comunicare alcuna preferenza relativa al tracciamento dei dati personali<br>Dalla sezione \u201cCronologia\u201d \u00e8 possibile:<br>Abilitando \u201cUtilizza impostazioni personalizzate\u201d selezionare di accettare i cookie di terze parti (sempre, dai siti pi\u00f9 visitato o mai) e di conservarli per un periodo determinato (fino alla loro scadenza, alla chiusura di Firefox o di chiedere ogni volta)<br>Rimuovere i singoli cookie immagazzinati<br>Per maggiori informazioni visita la pagina dedicata.<\/p><p><strong>Internet Explorer<\/strong><br>Eseguire il Browser Internet Explorer<br>Fare click sul pulsante Strumenti e scegliere Opzioni Internet<br>Fare click sulla scheda Privacy e nella sezione Impostazioni modificare il dispositivo di scorrimento in funzione dell\u2019azione desiderata per i cookie:<br>Bloccare tutti i cookie<br>Consentire tutti i cookie<br>Selezione dei siti da cui ottenere cookie: spostare il cursore in una posizione intermedia in modo da non bloccare o consentire tutti i cookie, premere quindi su Siti, nella casella Indirizzo Sito Web inserire un sito internet e quindi premere su Blocca o Consenti<br>Per maggiori informazioni visita la pagina dedicata.<\/p><p><strong>Safari 6<\/strong><br>Eseguire il Browser Safari<br>Fare click su Safari, selezionare Preferenze e premere su Privacy<br>Nella sezione Blocca Cookie specificare come Safari deve accettare i cookie dai siti internet.<br>Per visionare quali siti hanno immagazzinato i cookie cliccare su Dettagli<br>Per maggiori informazioni visita la pagina dedicata.<\/p><p><strong>Safari iOS (dispositivi mobile)<\/strong><br>Eseguire il Browser Safari iOS<br>Tocca su Impostazioni e poi Safari<br>Tocca su Blocca Cookie e scegli tra le varie opzioni: \u201cMai\u201d, \u201cDi terze parti e inserzionisti\u201d o \u201cSempre\u201d<br>Per cancellare tutti i cookie immagazzinati da Safari, tocca su Impostazioni, poi su Safari e infine su Cancella Cookie e dati<br>Per maggiori informazioni visita la pagina dedicata.<\/p><p><strong>Opera<\/strong><br>Eseguire il Browser Opera<br>Fare click sul Preferenze poi su Avanzate e infine su Cookie<br>Selezionare una delle seguenti opzioni:<br>Accetta tutti i cookie<br>Accetta i cookie solo dal sito che si visita: i cookie di terze parti e che vengono inviati da un dominio diverso da quello che si sta visitando verranno rifiutati<br>Non accettare mai i cookie: tutti i cookie non verranno mai salvati<br>Per maggiori informazioni visita la pagina dedicata.<\/p><p><strong>Come disabilitare i cookie di servizi di terzi Servizi di<\/strong><a href=\"http:\/\/www.google.com\/settings\/ads?hl=it&amp;sig=ACi0TCjnw_LqHgCN4s74ZXJUQcDCsemLKN82bfU4Wbgv7yB2IXSZ1Djdh5eQSR7fjpWa4qhDz1dZV95pZ1qBa8q28IrCftbMFA\" target=\"_blank\" rel=\"noreferrer noopener\">&nbsp;Google<\/a>&nbsp;|&nbsp;<a href=\"https:\/\/www.facebook.com\/help\/cookies?ref_type=sitefooter\">Facebook<\/a>&nbsp;|&nbsp;<a href=\"https:\/\/support.twitter.com\/articles\/20170519-uso-dei-cookie-e-di-altre-tecnologie-simili-da-parte-di-twitter#\" target=\"_blank\" rel=\"noreferrer noopener\">Twitter<\/a><\/p><p>Questa pagina \u00e8 visibile, mediante link in calce in tutte le pagine del Sito ai sensi dell\u2019art. 122 secondo comma del D.lgs. 196\/2003 e a seguito delle modalit\u00e0 semplificate per l\u2019informativa e l\u2019acquisizione del consenso per l\u2019uso dei cookie pubblicata sulla Gazzetta Ufficiale n.126 del 3 giugno 2014 e relativo registro dei provvedimenti n.229 dell\u20198 maggio 2014.<\/p><h3 class=\"wp-block-heading\">Commenti<\/h3><p>Quando i visitatori lasciano commenti sul sito, raccogliamo i dati mostrati nel modulo dei commenti oltre all\u2019indirizzo IP del visitatore e la stringa dello user agent del browser per facilitare il rilevamento dello spam.<\/p><p>Una stringa anonimizzata creata a partire dal tuo indirizzo email (altrimenti detta hash) pu\u00f2 essere fornita al servizio Gravatar per vedere se lo stai usando. La privacy policy del servizio Gravatar \u00e8 disponibile qui: https:\/\/automattic.com\/privacy\/. Dopo l\u2019approvazione del tuo commento, la tua immagine del profilo \u00e8 visibile al pubblico nel contesto del tuo commento.<\/p><h3 class=\"wp-block-heading\">Media<\/h3><p>Se carichi immagini sul sito web, dovresti evitare di caricare immagini che includono i dati di posizione incorporati (EXIF GPS). I visitatori del sito web possono scaricare ed estrarre qualsiasi dato sulla posizione dalle immagini sul sito web.<\/p><h3 class=\"wp-block-heading\">Modulo di contatto<\/h3><h3 class=\"wp-block-heading\">Cookie<\/h3><p>Se lasci un commento sul nostro sito, puoi scegliere di salvare il tuo nome, indirizzo email e sito web nei cookie. Sono usati per la tua comodit\u00e0 in modo che tu non debba inserire nuovamente i tuoi dati quando lasci un altro commento. Questi cookie dureranno per un anno.<\/p><p>Se visiti la pagina di login, verr\u00e0 impostato un cookie temporaneo per determinare se il tuo browser accetta i cookie. Questo cookie non contiene dati personali e viene eliminato quando chiudi il browser.<\/p><p>Quando effettui l\u2019accesso, verranno impostati diversi cookie per salvare le tue informazioni di accesso e le tue opzioni di visualizzazione dello schermo. I cookie di accesso durano due giorni mentre i cookie per le opzioni dello schermo durano un anno. Se selezioni \u201cRicordami\u201d, il tuo accesso persister\u00e0 per due settimane. Se esci dal tuo account, i cookie di accesso verranno rimossi.<\/p><p>Se modifichi o pubblichi un articolo, un cookie aggiuntivo verr\u00e0 salvato nel tuo browser. Questo cookie non include dati personali, ma indica semplicemente l\u2019ID dell\u2019articolo appena modificato. Scade dopo 1 giorno.<\/p><h3 class=\"wp-block-heading\">Contenuto incorporato da altri siti web<\/h3><p>Gli articoli su questo sito possono includere contenuti incorporati (ad esempio video, immagini, articoli, ecc.). I contenuti incorporati da altri siti web si comportano esattamente allo stesso modo come se il visitatore avesse visitato l\u2019altro sito web.<\/p><p>Questi siti web possono raccogliere dati su di te, usare cookie, integrare ulteriori tracciamenti di terze parti e monitorare l\u2019interazione con essi, incluso il tracciamento della tua interazione con il contenuto incorporato se hai un account e sei connesso a quei siti web.<\/p><p>L&#8217;indirizzo del nostro sito web \u00e8: http:\/\/naturamagica.it\/store.<\/p>","protected":false},"excerpt":{"rendered":"<p>GDPR 2021 A partire dal 10\/07\/2018 abbiamo aggiornato la nostra privacy policy in totale rispetto dei nuovi standard del regolamento generale sulla protezione dei dati (GDPR) introdotto dall\u2019Unione europea. La presente Privacy Policy (\u201cPolicy\u201d) \u00e8 volta ad illustrare le modalit\u00e0 e le finalit\u00e0 dei trattamenti di dati personali effettuati da parte di Natura Magica APS, [&hellip;]<\/p>\n","protected":false},"author":1,"featured_media":0,"parent":0,"menu_order":0,"comment_status":"closed","ping_status":"open","template":"page-boxed.php","meta":{"ngg_post_thumbnail":0,"_joinchat":[],"footnotes":""},"class_list":["post-3","page","type-page","status-publish","hentry"],"_links":{"self":[{"href":"https:\/\/www.naturamagica.it\/store\/wp-json\/wp\/v2\/pages\/3","targetHints":{"allow":["GET"]}}],"collection":[{"href":"https:\/\/www.naturamagica.it\/store\/wp-json\/wp\/v2\/pages"}],"about":[{"href":"https:\/\/www.naturamagica.it\/store\/wp-json\/wp\/v2\/types\/page"}],"author":[{"embeddable":true,"href":"https:\/\/www.naturamagica.it\/store\/wp-json\/wp\/v2\/users\/1"}],"replies":[{"embeddable":true,"href":"https:\/\/www.naturamagica.it\/store\/wp-json\/wp\/v2\/comments?post=3"}],"version-history":[{"count":2,"href":"https:\/\/www.naturamagica.it\/store\/wp-json\/wp\/v2\/pages\/3\/revisions"}],"predecessor-version":[{"id":3541,"href":"https:\/\/www.naturamagica.it\/store\/wp-json\/wp\/v2\/pages\/3\/revisions\/3541"}],"wp:attachment":[{"href":"https:\/\/www.naturamagica.it\/store\/wp-json\/wp\/v2\/media?parent=3"}],"curies":[{"name":"wp","href":"https:\/\/api.w.org\/{rel}","templated":true}]}}